{"id":4,"date":"2017-06-25T06:26:04","date_gmt":"2017-06-25T04:26:04","guid":{"rendered":"http:\/\/vantage.packs.siteorigin.com\/?page_id=4"},"modified":"2025-08-26T15:18:36","modified_gmt":"2025-08-26T13:18:36","slug":"home","status":"publish","type":"page","link":"http:\/\/h2993000.stratoserver.net\/wp02\/","title":{"rendered":"Home"},"content":{"rendered":"<div id=\"pl-4\"  class=\"panel-layout\" ><div id=\"pg-4-0\"  class=\"panel-grid panel-has-style\" ><div class=\"siteorigin-panels-stretch panel-row-style panel-row-style-for-4-0\" data-stretch-type=\"full-width-stretch\" ><div id=\"pgc-4-0-0\"  class=\"panel-grid-cell\" ><div id=\"panel-4-0-0-0\" class=\"so-panel widget widget_sow-headline panel-first-child panel-last-child\" data-index=\"0\" ><div\n\t\t\t\n\t\t\tclass=\"so-widget-sow-headline so-widget-sow-headline-default-6177e519357b-4 so-widget-fittext-wrapper\"\n\t\t\t data-fit-text-compressor=\"0.85\"\n\t\t><div class=\"sow-headline-container \">\n\t\t\t\t\t\t\t<h1 class=\"sow-headline\">\n\t\t\t\t\t\t<strong>Baustoffe f\u00fcr unsere Heimat<\/strong>\t\t\t\t\t\t<\/h1>\n\t\t\t\t\t\t\t\t\t\t\t\t<h3 class=\"sow-sub-headline\">\n\t\t\t\t\t\tKalkstein, Transportbeton, Asphalt\t\t\t\t\t\t<\/h3>\n\t\t\t\t\t\t<\/div>\n<\/div><\/div><\/div><\/div><\/div><div id=\"pg-4-1\"  class=\"panel-grid panel-has-style\" ><div class=\"siteorigin-panels-stretch panel-row-style panel-row-style-for-4-1\" data-stretch-type=\"full-width-stretch\" ><div id=\"pgc-4-1-0\"  class=\"panel-grid-cell\" ><\/div><\/div><\/div><div id=\"pg-4-2\"  class=\"panel-grid panel-has-style\" ><div class=\"siteorigin-panels-stretch panel-row-style panel-row-style-for-4-2\" data-stretch-type=\"full-width-stretch\" ><div id=\"pgc-4-2-0\"  class=\"panel-grid-cell\" ><div id=\"panel-4-2-0-0\" class=\"so-panel widget widget_headline-widget panel-first-child\" data-index=\"2\" >\t\t<h1>Hohenlimburger Kalkwerke GmbH<\/h1>\n\t\t<div class=\"decoration\"><div class=\"decoration-inside\"><\/div><\/div>\n\t\t<h3><\/h3>\n\t\t<\/div><div id=\"panel-4-2-0-1\" class=\"so-panel widget widget_sow-hero panel-last-child\" data-index=\"3\" ><div\n\t\t\t\n\t\t\tclass=\"so-widget-sow-hero so-widget-sow-hero-default-72faba8095db-4 so-widget-fittext-wrapper\"\n\t\t\t data-fit-text-compressor=\"0.85\"\n\t\t>\t\t\t\t<div class=\"sow-slider-base\" style=\"display: none\" tabindex=\"0\">\n\t\t\t\t\t<ul\n\t\t\t\t\tclass=\"sow-slider-images\"\n\t\t\t\t\tdata-settings=\"{&quot;pagination&quot;:true,&quot;speed&quot;:800,&quot;timeout&quot;:2000,&quot;paused&quot;:false,&quot;pause_on_hover&quot;:false,&quot;swipe&quot;:&quot;&quot;,&quot;nav_always_show_desktop&quot;:true,&quot;nav_always_show_mobile&quot;:true,&quot;breakpoint&quot;:&quot;780px&quot;,&quot;unmute&quot;:false,&quot;anchor&quot;:null}\"\n\t\t\t\t\tstyle=\"min-height: 450px\"\t\t\t\t\tdata-anchor-id=\"\"\n\t\t\t\t>\t\t<li class=\"sow-slider-image\" style=\"visibility: visible;;background-color: #333333\" >\n\t\t\t\t\t<div class=\"sow-slider-image-container\">\n\t\t\t<div class=\"sow-slider-image-wrapper\">\n\t\t\t\t\t\t\t<\/div>\n\t\t<\/div>\n\t\t<video class=\"sow-background-element sow-mobile-video_enabled\" autoplay loop style=\"opacity: 0.81\" muted playsinline><source src=\"http:\/\/h2993000.stratoserver.net\/wp02\/wp-content\/uploads\/header_kalkstein_homepage_1280.mp4\" type=\"video\/mp4\"><\/video>\t\t<\/li>\n\t\t<\/ul>\t\t\t\t<ol class=\"sow-slider-pagination\">\n\t\t\t\t\t\t\t\t\t\t\t<li><a href=\"#\" data-goto=\"0\" aria-label=\"Display slide 1\"><\/a><\/li>\n\t\t\t\t\t\t\t\t\t<\/ol>\n\n\t\t\t\t<div class=\"sow-slide-nav sow-slide-nav-next\">\n\t\t\t\t\t<a href=\"#\" data-goto=\"next\" aria-label=\"Next slide\" data-action=\"next\">\n\t\t\t\t\t\t<em class=\"sow-sld-icon-medium-right\"><\/em>\n\t\t\t\t\t<\/a>\n\t\t\t\t<\/div>\n\n\t\t\t\t<div class=\"sow-slide-nav sow-slide-nav-prev\">\n\t\t\t\t\t<a href=\"#\" data-goto=\"previous\" aria-label=\"Previous slide\" data-action=\"prev\">\n\t\t\t\t\t\t<em class=\"sow-sld-icon-medium-left\"><\/em>\n\t\t\t\t\t<\/a>\n\t\t\t\t<\/div>\n\t\t\t\t<\/div><\/div><\/div><\/div><div id=\"pgc-4-2-1\"  class=\"panel-grid-cell\" ><div id=\"panel-4-2-1-0\" class=\"so-panel widget widget_headline-widget panel-first-child\" data-index=\"4\" >\t\t<h1>Seit 1905 Ihr Partner f\u00fcr Kalksteinprodukte<\/h1>\n\t\t<div class=\"decoration\"><div class=\"decoration-inside\"><\/div><\/div>\n\t\t<h3><\/h3>\n\t\t<\/div><div id=\"panel-4-2-1-1\" class=\"so-panel widget widget_sow-editor panel-last-child\" data-index=\"5\" ><div\n\t\t\t\n\t\t\tclass=\"so-widget-sow-editor so-widget-sow-editor-base\"\n\t\t\t\n\t\t>\n<div class=\"siteorigin-widget-tinymce textwidget\">\n\t<div class=\"siteorigin-widget-tinymce textwidget\">\n<p>Seit \u00fcber 120 Jahren wird in den Steinbr\u00fcchen der Hohenlimburger Kalkwerke hochwertiger Kalkstein gewonnen. Der Kalkstein wurde anf\u00e4nglich f\u00fcr die regionale Herstellung von Hochofenstahl ben\u00f6tigt. Heute findet der Kalkstein vorwiegend Verwendung als Zuschlagstoff f\u00fcr die Herstellung von Beton und Asphalt.<\/p>\n<hr \/>\n<p>Dar\u00fcber hinaus werden die Gesteinsk\u00f6rnungen und Gemische im qualifizierten Stra\u00dfen- und Wegebau sowie in der Garten- und Landschaftsgestaltung vielfach eingesetzt. In modernen Aufbereitungsanlagen wird der Kalkstein gebrochen, gewaschen und klassiert, um den hohen Anforderungen unserer Kunden an groben und feine Gesteinsk\u00f6rnungen sowie an Baustoffgemische zu entsprechen.<\/p>\n<hr \/>\n<p>Einen Teil der K\u00f6rnungen wird in den am Standort befindlichen Mischanlagen f\u00fcr Transportbeton und Asphalt verarbeitet, zur Auslieferung an unsere Kunden oder zur Selbstabholung.<\/p>\n<hr \/>\n<p>Was k\u00f6nnen wir f\u00fcr Sie tun?<\/p>\n<\/div>\n<\/div>\n<\/div><\/div><\/div><\/div><\/div><div id=\"pg-4-3\"  class=\"panel-grid panel-has-style\" ><div class=\"siteorigin-panels-stretch panel-row-style panel-row-style-for-4-3\" data-stretch-type=\"full-width-stretch\" ><div id=\"pgc-4-3-0\"  class=\"panel-grid-cell\" ><div id=\"panel-4-3-0-0\" class=\"so-panel widget widget_sow-slider panel-first-child panel-last-child\" data-index=\"6\" ><div class=\"panel-widget-style panel-widget-style-for-4-3-0-0\" ><div\n\t\t\t\n\t\t\tclass=\"so-widget-sow-slider so-widget-sow-slider-default-6d39609536fd-4\"\n\t\t\t\n\t\t>\t\t\t\t<div class=\"sow-slider-base\" style=\"display: none\" tabindex=\"0\">\n\t\t\t\t\t<ul\n\t\t\t\t\tclass=\"sow-slider-images\"\n\t\t\t\t\tdata-settings=\"{&quot;pagination&quot;:true,&quot;speed&quot;:400,&quot;timeout&quot;:4000,&quot;paused&quot;:false,&quot;pause_on_hover&quot;:false,&quot;swipe&quot;:true,&quot;nav_always_show_desktop&quot;:&quot;&quot;,&quot;nav_always_show_mobile&quot;:&quot;&quot;,&quot;breakpoint&quot;:&quot;780px&quot;,&quot;unmute&quot;:false,&quot;anchor&quot;:null}\"\n\t\t\t\t\t\t\t\t\t\tdata-anchor-id=\"\"\n\t\t\t\t>\t\t<li class=\"sow-slider-image\" style=\"visibility: visible;\" >\n\t\t\t\t\t\t<div class=\"sow-slider-image-container\">\n\t\t\t\t<div class=\"sow-slider-image-wrapper\" style=\"max-width: 1920px\">\n\t\t\t\t\t\t\t\t\t\t<div class=\"sow-slider-image-foreground-wrapper\">\n\t\t\t\t\t\t<img loading=\"lazy\" decoding=\"async\" width=\"1920\" height=\"400\" src=\"http:\/\/h2993000.stratoserver.net\/wp02\/wp-content\/uploads\/hkw1.jpg\" class=\"sow-slider-foreground-image\" alt=\"\" style=\"\" srcset=\"http:\/\/h2993000.stratoserver.net\/wp02\/wp-content\/uploads\/hkw1.jpg 1920w, http:\/\/h2993000.stratoserver.net\/wp02\/wp-content\/uploads\/hkw1-300x63.jpg 300w, http:\/\/h2993000.stratoserver.net\/wp02\/wp-content\/uploads\/hkw1-1024x213.jpg 1024w, http:\/\/h2993000.stratoserver.net\/wp02\/wp-content\/uploads\/hkw1-768x160.jpg 768w, http:\/\/h2993000.stratoserver.net\/wp02\/wp-content\/uploads\/hkw1-1536x320.jpg 1536w\" sizes=\"auto, (max-width: 1920px) 100vw, 1920px\" \/>\t\t\t\t\t<\/div>\n\t\t\t\t\t\t\t\t\t<\/div>\n\t\t\t<\/div>\n\t\t\t\t\t<\/li>\n\t\t\t\t<li class=\"sow-slider-image\" style=\"visibility: hidden;\" >\n\t\t\t\t\t\t<div class=\"sow-slider-image-container\">\n\t\t\t\t<div class=\"sow-slider-image-wrapper\" style=\"max-width: 1920px\">\n\t\t\t\t\t\t\t\t\t\t<div class=\"sow-slider-image-foreground-wrapper\">\n\t\t\t\t\t\t<img loading=\"lazy\" decoding=\"async\" width=\"1920\" height=\"400\" src=\"http:\/\/h2993000.stratoserver.net\/wp02\/wp-content\/uploads\/hkw6.jpg\" class=\"sow-slider-foreground-image\" alt=\"\" style=\"\" srcset=\"http:\/\/h2993000.stratoserver.net\/wp02\/wp-content\/uploads\/hkw6.jpg 1920w, http:\/\/h2993000.stratoserver.net\/wp02\/wp-content\/uploads\/hkw6-300x63.jpg 300w, http:\/\/h2993000.stratoserver.net\/wp02\/wp-content\/uploads\/hkw6-1024x213.jpg 1024w, http:\/\/h2993000.stratoserver.net\/wp02\/wp-content\/uploads\/hkw6-768x160.jpg 768w, http:\/\/h2993000.stratoserver.net\/wp02\/wp-content\/uploads\/hkw6-1536x320.jpg 1536w\" sizes=\"auto, (max-width: 1920px) 100vw, 1920px\" \/>\t\t\t\t\t<\/div>\n\t\t\t\t\t\t\t\t\t<\/div>\n\t\t\t<\/div>\n\t\t\t\t\t<\/li>\n\t\t\t\t<li class=\"sow-slider-image\" style=\"visibility: hidden;\" >\n\t\t\t\t\t\t<div class=\"sow-slider-image-container\">\n\t\t\t\t<div class=\"sow-slider-image-wrapper\" style=\"max-width: 1920px\">\n\t\t\t\t\t\t\t\t\t\t<div class=\"sow-slider-image-foreground-wrapper\">\n\t\t\t\t\t\t<img loading=\"lazy\" decoding=\"async\" width=\"1920\" height=\"400\" src=\"http:\/\/h2993000.stratoserver.net\/wp02\/wp-content\/uploads\/hkw2.jpg\" class=\"sow-slider-foreground-image\" alt=\"\" style=\"\" srcset=\"http:\/\/h2993000.stratoserver.net\/wp02\/wp-content\/uploads\/hkw2.jpg 1920w, http:\/\/h2993000.stratoserver.net\/wp02\/wp-content\/uploads\/hkw2-300x63.jpg 300w, http:\/\/h2993000.stratoserver.net\/wp02\/wp-content\/uploads\/hkw2-1024x213.jpg 1024w, http:\/\/h2993000.stratoserver.net\/wp02\/wp-content\/uploads\/hkw2-768x160.jpg 768w, http:\/\/h2993000.stratoserver.net\/wp02\/wp-content\/uploads\/hkw2-1536x320.jpg 1536w\" sizes=\"auto, (max-width: 1920px) 100vw, 1920px\" \/>\t\t\t\t\t<\/div>\n\t\t\t\t\t\t\t\t\t<\/div>\n\t\t\t<\/div>\n\t\t\t\t\t<\/li>\n\t\t\t\t<li class=\"sow-slider-image\" style=\"visibility: hidden;\" >\n\t\t\t\t\t\t<div class=\"sow-slider-image-container\">\n\t\t\t\t<div class=\"sow-slider-image-wrapper\" style=\"max-width: 1920px\">\n\t\t\t\t\t\t\t\t\t\t<div class=\"sow-slider-image-foreground-wrapper\">\n\t\t\t\t\t\t<img loading=\"lazy\" decoding=\"async\" width=\"1920\" height=\"400\" src=\"http:\/\/h2993000.stratoserver.net\/wp02\/wp-content\/uploads\/00008.jpg\" class=\"sow-slider-foreground-image\" alt=\"\" style=\"\" srcset=\"http:\/\/h2993000.stratoserver.net\/wp02\/wp-content\/uploads\/00008.jpg 1920w, http:\/\/h2993000.stratoserver.net\/wp02\/wp-content\/uploads\/00008-300x63.jpg 300w, http:\/\/h2993000.stratoserver.net\/wp02\/wp-content\/uploads\/00008-1024x213.jpg 1024w, http:\/\/h2993000.stratoserver.net\/wp02\/wp-content\/uploads\/00008-768x160.jpg 768w, http:\/\/h2993000.stratoserver.net\/wp02\/wp-content\/uploads\/00008-1536x320.jpg 1536w\" sizes=\"auto, (max-width: 1920px) 100vw, 1920px\" \/>\t\t\t\t\t<\/div>\n\t\t\t\t\t\t\t\t\t<\/div>\n\t\t\t<\/div>\n\t\t\t\t\t<\/li>\n\t\t\t\t<li class=\"sow-slider-image\" style=\"visibility: hidden;\" >\n\t\t\t\t\t\t<div class=\"sow-slider-image-container\">\n\t\t\t\t<div class=\"sow-slider-image-wrapper\" style=\"max-width: 1920px\">\n\t\t\t\t\t\t\t\t\t\t<div class=\"sow-slider-image-foreground-wrapper\">\n\t\t\t\t\t\t<img loading=\"lazy\" decoding=\"async\" width=\"1920\" height=\"400\" src=\"http:\/\/h2993000.stratoserver.net\/wp02\/wp-content\/uploads\/00001.jpg\" class=\"sow-slider-foreground-image\" alt=\"\" style=\"\" srcset=\"http:\/\/h2993000.stratoserver.net\/wp02\/wp-content\/uploads\/00001.jpg 1920w, http:\/\/h2993000.stratoserver.net\/wp02\/wp-content\/uploads\/00001-300x63.jpg 300w, http:\/\/h2993000.stratoserver.net\/wp02\/wp-content\/uploads\/00001-1024x213.jpg 1024w, http:\/\/h2993000.stratoserver.net\/wp02\/wp-content\/uploads\/00001-768x160.jpg 768w, http:\/\/h2993000.stratoserver.net\/wp02\/wp-content\/uploads\/00001-1536x320.jpg 1536w\" sizes=\"auto, (max-width: 1920px) 100vw, 1920px\" \/>\t\t\t\t\t<\/div>\n\t\t\t\t\t\t\t\t\t<\/div>\n\t\t\t<\/div>\n\t\t\t\t\t<\/li>\n\t\t<\/ul>\t\t\t\t<ol class=\"sow-slider-pagination\">\n\t\t\t\t\t\t\t\t\t\t\t<li><a href=\"#\" data-goto=\"0\" aria-label=\"Display slide 1\"><\/a><\/li>\n\t\t\t\t\t\t\t\t\t\t\t<li><a href=\"#\" data-goto=\"1\" aria-label=\"Display slide 2\"><\/a><\/li>\n\t\t\t\t\t\t\t\t\t\t\t<li><a href=\"#\" data-goto=\"2\" aria-label=\"Display slide 3\"><\/a><\/li>\n\t\t\t\t\t\t\t\t\t\t\t<li><a href=\"#\" data-goto=\"3\" aria-label=\"Display slide 4\"><\/a><\/li>\n\t\t\t\t\t\t\t\t\t\t\t<li><a href=\"#\" data-goto=\"4\" aria-label=\"Display slide 5\"><\/a><\/li>\n\t\t\t\t\t\t\t\t\t<\/ol>\n\n\t\t\t\t<div class=\"sow-slide-nav sow-slide-nav-next\">\n\t\t\t\t\t<a href=\"#\" data-goto=\"next\" aria-label=\"Next slide\" data-action=\"next\">\n\t\t\t\t\t\t<em class=\"sow-sld-icon-thin-right\"><\/em>\n\t\t\t\t\t<\/a>\n\t\t\t\t<\/div>\n\n\t\t\t\t<div class=\"sow-slide-nav sow-slide-nav-prev\">\n\t\t\t\t\t<a href=\"#\" data-goto=\"previous\" aria-label=\"Previous slide\" data-action=\"prev\">\n\t\t\t\t\t\t<em class=\"sow-sld-icon-thin-left\"><\/em>\n\t\t\t\t\t<\/a>\n\t\t\t\t<\/div>\n\t\t\t\t<\/div><\/div><\/div><\/div><\/div><\/div><\/div><div id=\"pg-4-4\"  class=\"panel-grid panel-has-style\" ><div class=\"siteorigin-panels-stretch panel-row-style panel-row-style-for-4-4\" data-stretch-type=\"full-width-stretch\" ><div id=\"pgc-4-4-0\"  class=\"panel-grid-cell panel-grid-cell-empty\" ><\/div><div id=\"pgc-4-4-1\"  class=\"panel-grid-cell\" ><div id=\"panel-4-4-1-0\" class=\"so-panel widget widget_media_image panel-first-child\" data-index=\"7\" ><div class=\"panel-widget-style panel-widget-style-for-4-4-1-0\" ><img loading=\"lazy\" decoding=\"async\" width=\"300\" height=\"174\" src=\"http:\/\/h2993000.stratoserver.net\/wp02\/wp-content\/uploads\/logo_hkw-300x174-1.png\" class=\"image wp-image-931  attachment-full size-full\" alt=\"\" style=\"max-width: 100%; height: auto;\" \/><\/div><\/div><div id=\"panel-4-4-1-1\" class=\"so-panel widget widget_media_image panel-last-child\" data-index=\"8\" ><div class=\"panel-widget-style panel-widget-style-for-4-4-1-1\" ><a href=\"http:\/\/85.214.226.213\/wp02\/wp-content\/downloads\/schnellinfos_2024.pdf\" target=\"_blank\"><img loading=\"lazy\" decoding=\"async\" width=\"300\" height=\"234\" src=\"http:\/\/h2993000.stratoserver.net\/wp02\/wp-content\/uploads\/verladezeiten-300x234.jpg\" class=\"image wp-image-1465  attachment-medium size-medium\" alt=\"\" style=\"max-width: 100%; height: auto;\" srcset=\"http:\/\/h2993000.stratoserver.net\/wp02\/wp-content\/uploads\/verladezeiten-300x234.jpg 300w, http:\/\/h2993000.stratoserver.net\/wp02\/wp-content\/uploads\/verladezeiten-768x600.jpg 768w, http:\/\/h2993000.stratoserver.net\/wp02\/wp-content\/uploads\/verladezeiten.jpg 1000w\" sizes=\"auto, (max-width: 300px) 100vw, 300px\" \/><\/a><\/div><\/div><\/div><div id=\"pgc-4-4-2\"  class=\"panel-grid-cell\" ><div id=\"panel-4-4-2-0\" class=\"so-panel widget widget_sow-headline panel-first-child\" data-index=\"9\" ><div class=\"panel-widget-style panel-widget-style-for-4-4-2-0\" ><div\n\t\t\t\n\t\t\tclass=\"so-widget-sow-headline so-widget-sow-headline-default-bbf74658114d-4 so-widget-fittext-wrapper\"\n\t\t\t data-fit-text-compressor=\"0.85\"\n\t\t><div class=\"sow-headline-container \">\n\t\t\t\t\t\t\t<h1 class=\"sow-headline\">\n\t\t\t\t\t\t<strong>Ansprechpartner<\/strong>\t\t\t\t\t\t<\/h1>\n\t\t\t\t\t\t\t\t\t\t\t\t<h3 class=\"sow-sub-headline\">\n\t\t\t\t\t\tHohenlimburger Kalkwerke GmbH\t\t\t\t\t\t<\/h3>\n\t\t\t\t\t\t<\/div>\n<\/div><\/div><\/div><div id=\"panel-4-4-2-1\" class=\"so-panel widget widget_sow-editor panel-last-child\" data-index=\"10\" ><div\n\t\t\t\n\t\t\tclass=\"so-widget-sow-editor so-widget-sow-editor-base\"\n\t\t\t\n\t\t>\n<div class=\"siteorigin-widget-tinymce textwidget\">\n\t<p><strong>Gesch\u00e4ftsleitung<\/strong><br \/>\nDr.-Ing. Christian Lange<br \/>\nDr. Matthias A. Lange<br \/>\nTel.:&nbsp; 02334\/92 98 \u2013 0<\/p>\n<p><strong>Leitung Produktion und Instandhaltung<\/strong><br \/>\nCarsten Rasper<br \/>\nTel.:&nbsp; 02334\/92 98 \u2013 80<br \/>\nFax: 02334\/92 98 \u2013 88<\/p>\n<p><span id=\"cloak52795b053bac2f7527fd4d7608ff6c86\"><a href=\"mailto:c.rasper@hkw-kalkstein.de\">c.rasper@hkw-kalkstein.de<\/a><\/span><\/p>\n<p><strong>Vertrieb u. Qualit\u00e4tssicherung<\/strong><br \/>\nMichael Nowoczin<br \/>\nTel.:&nbsp; 02334\/92 98 \u2013 85<br \/>\nFax: 02334\/92 98 \u2013 88<\/p>\n<p><span id=\"cloak52d57a0ed28ed99dad75b29de9f27ccd\"><a href=\"mailto:m.nowoczin@hkw-kalkstein.de\">.nowoczin@hkw-kalkstein.de<\/a><\/span><\/p>\n<\/div>\n<\/div><\/div><\/div><div id=\"pgc-4-4-3\"  class=\"panel-grid-cell\" ><div id=\"panel-4-4-3-0\" class=\"so-panel widget widget_media_image panel-first-child panel-last-child\" data-index=\"11\" ><div class=\"panel-widget-style panel-widget-style-for-4-4-3-0\" ><img loading=\"lazy\" decoding=\"async\" width=\"2560\" height=\"1440\" src=\"http:\/\/h2993000.stratoserver.net\/wp02\/wp-content\/uploads\/Kalkstein001.jpg\" class=\"image wp-image-1305  attachment-full size-full\" alt=\"\" style=\"max-width: 100%; height: auto;\" srcset=\"http:\/\/h2993000.stratoserver.net\/wp02\/wp-content\/uploads\/Kalkstein001.jpg 2560w, http:\/\/h2993000.stratoserver.net\/wp02\/wp-content\/uploads\/Kalkstein001-300x169.jpg 300w, http:\/\/h2993000.stratoserver.net\/wp02\/wp-content\/uploads\/Kalkstein001-1024x576.jpg 1024w, http:\/\/h2993000.stratoserver.net\/wp02\/wp-content\/uploads\/Kalkstein001-768x432.jpg 768w, http:\/\/h2993000.stratoserver.net\/wp02\/wp-content\/uploads\/Kalkstein001-1536x864.jpg 1536w, http:\/\/h2993000.stratoserver.net\/wp02\/wp-content\/uploads\/Kalkstein001-2048x1152.jpg 2048w\" sizes=\"auto, (max-width: 2560px) 100vw, 2560px\" \/><\/div><\/div><\/div><\/div><\/div><\/div>","protected":false},"excerpt":{"rendered":"<p>Baustoffe f\u00fcr unsere Heimat Kalkstein, Transportbeton, Asphalt Hohenlimburger Kalkwerke GmbH Seit 1905 Ihr Partner f\u00fcr Kalksteinprodukte Seit \u00fcber 120 Jahren wird in den Steinbr\u00fcchen der Hohenlimburger Kalkwerke hochwertiger Kalkstein gewonnen. Der Kalkstein wurde anf\u00e4nglich f\u00fcr die regionale Herstellung von Hochofenstahl ben\u00f6tigt. Heute findet der Kalkstein vorwiegend Verwendung als Zuschlagstoff f\u00fcr die Herstellung von Beton und [&hellip;]<\/p>\n","protected":false},"author":1,"featured_media":0,"parent":0,"menu_order":0,"comment_status":"closed","ping_status":"closed","template":"home-panels.php","meta":{"ngg_post_thumbnail":0,"footnotes":""},"class_list":["post-4","page","type-page","status-publish","hentry","post"],"_links":{"self":[{"href":"http:\/\/h2993000.stratoserver.net\/wp02\/index.php?rest_route=\/wp\/v2\/pages\/4","targetHints":{"allow":["GET"]}}],"collection":[{"href":"http:\/\/h2993000.stratoserver.net\/wp02\/index.php?rest_route=\/wp\/v2\/pages"}],"about":[{"href":"http:\/\/h2993000.stratoserver.net\/wp02\/index.php?rest_route=\/wp\/v2\/types\/page"}],"author":[{"embeddable":true,"href":"http:\/\/h2993000.stratoserver.net\/wp02\/index.php?rest_route=\/wp\/v2\/users\/1"}],"replies":[{"embeddable":true,"href":"http:\/\/h2993000.stratoserver.net\/wp02\/index.php?rest_route=%2Fwp%2Fv2%2Fcomments&post=4"}],"version-history":[{"count":274,"href":"http:\/\/h2993000.stratoserver.net\/wp02\/index.php?rest_route=\/wp\/v2\/pages\/4\/revisions"}],"predecessor-version":[{"id":1602,"href":"http:\/\/h2993000.stratoserver.net\/wp02\/index.php?rest_route=\/wp\/v2\/pages\/4\/revisions\/1602"}],"wp:attachment":[{"href":"http:\/\/h2993000.stratoserver.net\/wp02\/index.php?rest_route=%2Fwp%2Fv2%2Fmedia&parent=4"}],"curies":[{"name":"wp","href":"https:\/\/api.w.org\/{rel}","templated":true}]}}